{"id":834,"date":"2022-07-23T12:47:21","date_gmt":"2022-07-23T10:47:21","guid":{"rendered":"http:\/\/pltcono.cluster030.hosting.ovh.net\/?page_id=834"},"modified":"2023-03-31T16:33:01","modified_gmt":"2023-03-31T14:33:01","slug":"program-committee","status":"publish","type":"page","link":"https:\/\/plt-conference.com\/index.php\/program-committee\/","title":{"rendered":"Program Committee"},"content":{"rendered":"\t\t<div data-elementor-type=\"wp-page\" data-elementor-id=\"834\" class=\"elementor elementor-834\" data-elementor-settings=\"[]\">\r\n\t\t\t\t\t\t\t<div class=\"elementor-section-wrap\">\r\n\t\t\t\t\t\t\t<section class=\"elementor-section elementor-top-section elementor-element elementor-element-3d5bcbda elementor-section-boxed elementor-section-height-default elementor-section-height-default\" data-id=\"3d5bcbda\" data-element_type=\"section\">\r\n\t\t\t\t\t\t<div class=\"elementor-container elementor-column-gap-default\">\r\n\t\t\t\t\t<div class=\"elementor-column elementor-col-100 elementor-top-column elementor-element elementor-element-952a334\" data-id=\"952a334\" data-element_type=\"column\">\r\n\t\t\t<div class=\"elementor-widget-wrap elementor-element-populated\">\r\n\t\t\t\t\t\t\t\t<div class=\"elementor-element elementor-element-79db9969 elementor-widget elementor-widget-text-editor\" data-id=\"79db9969\" data-element_type=\"widget\" data-widget_type=\"text-editor.default\">\r\n\t\t\t\t<div class=\"elementor-widget-container\">\r\n\t\t\t<style>\/*! elementor - v3.5.3 - 28-12-2021 *\/\n.elementor-widget-text-editor.elementor-drop-cap-view-stacked .elementor-drop-cap{background-color:#818a91;color:#fff}.elementor-widget-text-editor.elementor-drop-cap-view-framed .elementor-drop-cap{color:#818a91;border:3px solid;background-color:transparent}.elementor-widget-text-editor:not(.elementor-drop-cap-view-default) .elementor-drop-cap{margin-top:8px}.elementor-widget-text-editor:not(.elementor-drop-cap-view-default) .elementor-drop-cap-letter{width:1em;height:1em}.elementor-widget-text-editor .elementor-drop-cap{float:left;text-align:center;line-height:1;font-size:50px}.elementor-widget-text-editor .elementor-drop-cap-letter{display:inline-block}<\/style>\t\t\t\t<!-- wp:themeisle-blocks\/advanced-columns {\"id\":\"wp-block-themeisle-blocks-advanced-columns-15f5e6b6\"} -->\n<div class=\"wp-block-themeisle-blocks-advanced-columns has-undefined-columns has-desktop-undefined-layout has-tablet-equal-layout has-mobile-equal-layout has-default-gap has-vertical-unset\" id=\"wp-block-themeisle-blocks-advanced-columns-15f5e6b6\"><div class=\"wp-block-themeisle-blocks-advanced-columns-overlay\"><\/div><div class=\"innerblocks-wrap\"><\/div><\/div>\n<!-- \/wp:themeisle-blocks\/advanced-columns -->\t\t\t\t\t\t<\/div>\r\n\t\t\t\t<\/div>\r\n\t\t\t\t\t<\/div>\r\n\t\t<\/div>\r\n\t\t\t\t\t\t\t<\/div>\r\n\t\t<\/section>\r\n\t\t\t\t<section class=\"elementor-section elementor-top-section elementor-element elementor-element-bd65d29 elementor-section-boxed elementor-section-height-default elementor-section-height-default\" data-id=\"bd65d29\" data-element_type=\"section\">\r\n\t\t\t\t\t\t<div class=\"elementor-container elementor-column-gap-default\">\r\n\t\t\t\t\t<div class=\"elementor-column elementor-col-100 elementor-top-column elementor-element elementor-element-c5b2335\" data-id=\"c5b2335\" data-element_type=\"column\">\r\n\t\t\t<div class=\"elementor-widget-wrap elementor-element-populated\">\r\n\t\t\t\t\t\t\t\t<div class=\"elementor-element elementor-element-d1ef87a elementor-widget elementor-widget-text-editor\" data-id=\"d1ef87a\" data-element_type=\"widget\" data-widget_type=\"text-editor.default\">\r\n\t\t\t\t<div class=\"elementor-widget-container\">\r\n\t\t\t\t\t\t\t<ul>\n<li><span><strong>Paola Angelelli<\/strong> \u2013\u00a0Universit\u00e0 del Salento<\/span><\/li>\n<li><span><strong>Elena Barber\u00e0<\/strong> \u2013\u00a0Universitat Oberta de Catalunya<\/span><\/li>\n<li><span><strong>Linda Cassibba<\/strong> \u2013\u00a0Universit\u00e0 di Bari<\/span><\/li>\n<li><span><strong>Giovanna Celia<\/strong> \u2013 Universit\u00e0 di Foggia<\/span><\/li>\n<li><span><strong>Raffaele Di Fuccio<\/strong> \u2013 Universit\u00e0 di Foggia<\/span><\/li>\n<li><span><strong>Stefano Di Tore<\/strong> \u2013 Univesrit\u00e0 di Salerno<\/span><\/li>\n<li><span><strong>Chiara Valeria Marinelli<\/strong> &#8211; Universit\u00e0 di Foggia<\/span><\/li>\n<li><span><strong>Antonio Javier Criado<\/strong> <strong>Mart\u00edn<\/strong> \u2013\u00a0Facultad de Educaci\u00f3n Unir<\/span><\/li>\n<li><span><strong>Lucia Monacis<\/strong> &#8211; Universit\u00e0 di Foggia<\/span><\/li>\n<li><span><strong>Paola Palladino<\/strong> \u2013\u00a0Universit\u00e0 di Foggia<\/span><\/li>\n<li><span><strong>Annamaria Petito<\/strong> \u2013 Universit\u00e0 di Foggia <\/span><\/li>\n<li><span><strong>Tiziana Quarto<\/strong> \u2013 Universit\u00e0 di Foggia<\/span><\/li>\n<li><span><strong>Angelo Rega<\/strong> \u2013 IRFID<\/span><\/li>\n<li><span><strong>Thomas Ryan<\/strong> \u2013\u00a0Nipissing University<\/span><\/li>\n<li><span><strong>Dolores Rollo<\/strong> \u2013\u00a0Universit\u00e0 di Parma<\/span><\/li>\n<li><span><strong>Francesco Sulla<\/strong> \u2013 Universit\u00e0 di Foggia<\/span><\/li>\n<li><span><strong>Giusi Antonia Toto<\/strong> \u2013 Universit\u00e0 di Foggia<\/span><\/li>\n<li><span><strong>George Ubachs<\/strong> \u2013\u00a0EADTU<\/span><\/li>\n<li><span><strong>Leonardo Carlucci<\/strong> \u2013 Universit\u00e0 di Foggia<\/span><\/li>\n<\/ul>\n<div><\/div>\n<div><\/div>\t\t\t\t\t\t<\/div>\r\n\t\t\t\t<\/div>\r\n\t\t\t\t\t<\/div>\r\n\t\t<\/div>\r\n\t\t\t\t\t\t\t<\/div>\r\n\t\t<\/section>\r\n\t\t\t\t\t\t<\/div>\r\n\t\t\t\t\t<\/div>\r\n\t\t","protected":false},"excerpt":{"rendered":"<p>Paola Angelelli \u2013\u00a0Universit\u00e0 del Salento Elena Barber\u00e0 \u2013\u00a0Universitat Oberta de Catalunya Linda Cassibba \u2013\u00a0Universit\u00e0 di Bari Giovanna Celia \u2013 Universit\u00e0 di Foggia Raffaele Di Fuccio \u2013 Universit\u00e0 di Foggia Stefano Di Tore \u2013 Univesrit\u00e0 di Salerno Chiara Valeria Marinelli &#8211; Universit\u00e0 di Foggia Antonio Javier Criado Mart\u00edn \u2013\u00a0Facultad de Educaci\u00f3n [&hellip;]<\/p>\n","protected":false},"author":1,"featured_media":0,"parent":0,"menu_order":0,"comment_status":"closed","ping_status":"closed","template":"","meta":[],"_links":{"self":[{"href":"https:\/\/plt-conference.com\/index.php\/wp-json\/wp\/v2\/pages\/834"}],"collection":[{"href":"https:\/\/plt-conference.com\/index.php\/wp-json\/wp\/v2\/pages"}],"about":[{"href":"https:\/\/plt-conference.com\/index.php\/wp-json\/wp\/v2\/types\/page"}],"author":[{"embeddable":true,"href":"https:\/\/plt-conference.com\/index.php\/wp-json\/wp\/v2\/users\/1"}],"replies":[{"embeddable":true,"href":"https:\/\/plt-conference.com\/index.php\/wp-json\/wp\/v2\/comments?post=834"}],"version-history":[{"count":7,"href":"https:\/\/plt-conference.com\/index.php\/wp-json\/wp\/v2\/pages\/834\/revisions"}],"predecessor-version":[{"id":1055,"href":"https:\/\/plt-conference.com\/index.php\/wp-json\/wp\/v2\/pages\/834\/revisions\/1055"}],"wp:attachment":[{"href":"https:\/\/plt-conference.com\/index.php\/wp-json\/wp\/v2\/media?parent=834"}],"curies":[{"name":"wp","href":"https:\/\/api.w.org\/{rel}","templated":true}]}}